{"id":2,"date":"2021-04-13T23:46:35","date_gmt":"2021-04-13T21:46:35","guid":{"rendered":"http:\/\/sprachverbunden.de\/?page_id=2"},"modified":"2023-10-10T10:42:46","modified_gmt":"2023-10-10T08:42:46","slug":"fremdsprachen","status":"publish","type":"page","link":"https:\/\/sprachverbunden.de\/index.php\/fremdsprachen\/","title":{"rendered":"\u00dcbersetzungen"},"content":{"rendered":"\n<h2 class=\"wp-block-heading has-medium-font-size\"><span style=\"background-color:rgba(0, 0, 0, 0)\" class=\"has-inline-color has-vivid-cyan-blue-color\">Ben\u00f6tigen Sie eine \u00dcbersetzung in die deutsche Sprache?<\/span><\/h2>\n\n\n\n<div class=\"wp-block-group\"><div class=\"wp-block-group__inner-container is-layout-flow wp-block-group-is-layout-flow\">\n<div class=\"wp-block-group\"><div class=\"wp-block-group__inner-container is-layout-flow wp-block-group-is-layout-flow\">\n<p style=\"font-size:18px\"><span style=\"background-color:rgba(0, 0, 0, 0)\" class=\"has-inline-color has-vivid-cyan-blue-color\">Ich \u00fcbersetze Ihre Texte aus dem Spanischen oder Englischen ins Deutsche.<\/span><\/p>\n<\/div><\/div>\n\n\n\n<h2 class=\"wp-block-heading\">Fachgebiete<\/h2>\n\n\n\n<p style=\"font-size:18px\">Meine Fachgebiete sind Naturarzneimittel (pflanzliche Arzneimittel) und Nahrungserg\u00e4nzung sowie Marketing, Vertrieb und Au\u00dfenhandel.<\/p>\n<\/div><\/div>\n\n\n\n<p style=\"font-size:18px\"><strong>Zum Beispiel:<\/strong><\/p>\n\n\n\n<ul class=\"wp-block-list\" style=\"font-size:18px\">\n<li>Texte f\u00fcr Websites<\/li>\n\n\n\n<li>Pressemitteilungen<\/li>\n\n\n\n<li>Firmenbrosch\u00fcren<\/li>\n\n\n\n<li>Produktinformationen (Brosch\u00fcren, Flyer)<\/li>\n\n\n\n<li>Packmitteltexte<\/li>\n\n\n\n<li>Beipackzettel<\/li>\n\n\n\n<li>Produktbeschreibungen<\/li>\n<\/ul>\n\n\n\n<h2 class=\"wp-block-heading\">Weitere Themen<\/h2>\n\n\n\n<p style=\"font-size:18px\">Die folgenden Themen liegen mir sehr am Herzen. \u00dcber Auftr\u00e4ge aus diesen Bereichen freue ich mich besonders.<\/p>\n\n\n\n<ul class=\"wp-block-list\">\n<li>Umwelt- und Naturschutz, Tierschutz<\/li>\n\n\n\n<li>Kochen\/Kulturen und ihre K\u00fcche (insbesondere Lateinamerika)<\/li>\n\n\n\n<li>Texte f\u00fcr Kinder<\/li>\n\n\n\n<li>Yoga<\/li>\n<\/ul>\n","protected":false},"excerpt":{"rendered":"<p>Ben\u00f6tigen Sie eine \u00dcbersetzung in die deutsche Sprache? Ich \u00fcbersetze Ihre Texte aus dem Spanischen oder Englischen ins Deutsche. Fachgebiete Meine Fachgebiete sind Naturarzneimittel (pflanzliche Arzneimittel) und Nahrungserg\u00e4nzung sowie Marketing, Vertrieb und Au\u00dfenhandel. Zum Beispiel: Weitere Themen Die folgenden Themen liegen mir sehr am Herzen. \u00dcber Auftr\u00e4ge aus diesen Bereichen freue ich mich besonders.<\/p>\n","protected":false},"author":2,"featured_media":0,"parent":0,"menu_order":0,"comment_status":"closed","ping_status":"closed","template":"","meta":{"footnotes":""},"class_list":["post-2","page","type-page","status-publish","hentry"],"_links":{"self":[{"href":"https:\/\/sprachverbunden.de\/index.php\/wp-json\/wp\/v2\/pages\/2","targetHints":{"allow":["GET"]}}],"collection":[{"href":"https:\/\/sprachverbunden.de\/index.php\/wp-json\/wp\/v2\/pages"}],"about":[{"href":"https:\/\/sprachverbunden.de\/index.php\/wp-json\/wp\/v2\/types\/page"}],"author":[{"embeddable":true,"href":"https:\/\/sprachverbunden.de\/index.php\/wp-json\/wp\/v2\/users\/2"}],"replies":[{"embeddable":true,"href":"https:\/\/sprachverbunden.de\/index.php\/wp-json\/wp\/v2\/comments?post=2"}],"version-history":[{"count":32,"href":"https:\/\/sprachverbunden.de\/index.php\/wp-json\/wp\/v2\/pages\/2\/revisions"}],"predecessor-version":[{"id":561,"href":"https:\/\/sprachverbunden.de\/index.php\/wp-json\/wp\/v2\/pages\/2\/revisions\/561"}],"wp:attachment":[{"href":"https:\/\/sprachverbunden.de\/index.php\/wp-json\/wp\/v2\/media?parent=2"}],"curies":[{"name":"wp","href":"https:\/\/api.w.org\/{rel}","templated":true}]}}