{"id":41,"date":"2021-04-27T21:33:08","date_gmt":"2021-04-27T19:33:08","guid":{"rendered":"http:\/\/sprachverbunden.de\/?page_id=41"},"modified":"2023-10-10T11:19:10","modified_gmt":"2023-10-10T09:19:10","slug":"homepage-seite","status":"publish","type":"page","link":"https:\/\/sprachverbunden.de\/","title":{"rendered":""},"content":{"rendered":"\n<div class=\"wp-block-group\"><div class=\"wp-block-group__inner-container is-layout-constrained wp-block-group-is-layout-constrained\">\n<div class=\"wp-block-columns is-layout-flex wp-container-core-columns-is-layout-9d6595d7 wp-block-columns-is-layout-flex\">\n<div class=\"wp-block-column is-layout-flow wp-block-column-is-layout-flow\" style=\"flex-basis:33.33%\">\n<h2 class=\"wp-block-heading has-text-align-center has-vivid-cyan-blue-color has-text-color has-large-font-size\" id=\"ubersetzungen\">                     \u00dcbersetzungen<\/h2>\n\n\n\n<p class=\"has-text-align-center has-medium-font-size\">Spanisch > Deutsch<\/p>\n\n\n\n<p class=\"has-text-align-center has-medium-font-size\">Englisch > Deutsch<\/p>\n<\/div>\n<\/div>\n<\/div><\/div>\n\n\n\n<div class=\"wp-block-columns is-layout-flex wp-container-core-columns-is-layout-9d6595d7 wp-block-columns-is-layout-flex\">\n<div class=\"wp-block-column is-layout-flow wp-block-column-is-layout-flow\">\n<h2 class=\"wp-block-heading has-vivid-cyan-blue-color has-text-color has-large-font-size\"><strong>Traducci\u00f3n<\/strong><\/h2>\n\n\n\n<p class=\"has-medium-font-size\">Espa\u00f1ol > Alem\u00e1n<\/p>\n\n\n\n<p class=\"has-medium-font-size\">Ingl\u00e9s > Alem\u00e1n<\/p>\n<\/div>\n\n\n\n<div class=\"wp-block-column is-layout-flow wp-block-column-is-layout-flow\">\n<h2 class=\"wp-block-heading has-vivid-cyan-blue-color has-text-color has-large-font-size\"><strong>Translation<\/strong><\/h2>\n\n\n\n<p class=\"has-medium-font-size\">English > German<\/p>\n\n\n\n<p class=\"has-medium-font-size\">Spanish > German<\/p>\n<\/div>\n<\/div>\n","protected":false},"excerpt":{"rendered":"<p>\u00dcbersetzungen Spanisch > Deutsch Englisch > Deutsch Traducci\u00f3n Espa\u00f1ol > Alem\u00e1n Ingl\u00e9s > Alem\u00e1n Translation English > German Spanish > German<\/p>\n","protected":false},"author":2,"featured_media":0,"parent":0,"menu_order":0,"comment_status":"closed","ping_status":"closed","template":"","meta":{"footnotes":""},"class_list":["post-41","page","type-page","status-publish","hentry"],"_links":{"self":[{"href":"https:\/\/sprachverbunden.de\/index.php\/wp-json\/wp\/v2\/pages\/41","targetHints":{"allow":["GET"]}}],"collection":[{"href":"https:\/\/sprachverbunden.de\/index.php\/wp-json\/wp\/v2\/pages"}],"about":[{"href":"https:\/\/sprachverbunden.de\/index.php\/wp-json\/wp\/v2\/types\/page"}],"author":[{"embeddable":true,"href":"https:\/\/sprachverbunden.de\/index.php\/wp-json\/wp\/v2\/users\/2"}],"replies":[{"embeddable":true,"href":"https:\/\/sprachverbunden.de\/index.php\/wp-json\/wp\/v2\/comments?post=41"}],"version-history":[{"count":77,"href":"https:\/\/sprachverbunden.de\/index.php\/wp-json\/wp\/v2\/pages\/41\/revisions"}],"predecessor-version":[{"id":563,"href":"https:\/\/sprachverbunden.de\/index.php\/wp-json\/wp\/v2\/pages\/41\/revisions\/563"}],"wp:attachment":[{"href":"https:\/\/sprachverbunden.de\/index.php\/wp-json\/wp\/v2\/media?parent=41"}],"curies":[{"name":"wp","href":"https:\/\/api.w.org\/{rel}","templated":true}]}}